{"id":11,"date":"2024-03-18T08:30:35","date_gmt":"2024-03-18T08:30:35","guid":{"rendered":"https:\/\/designhub.vn\/?page_id=11"},"modified":"2025-08-07T14:34:53","modified_gmt":"2025-08-07T07:34:53","slug":"dich-vu","status":"publish","type":"page","link":"https:\/\/www.designhub.vn\/vi\/dich-vu\/","title":{"rendered":"D\u1ecbch v\u1ee5"},"content":{"rendered":"\t<section class=\"section\" id=\"section_2104011579\">\n\t\t<div class=\"bg section-bg fill bg-fill bg-loaded bg-loaded\" >\n\n\t\t\t\n\t\t\t\n\t\t\t\n\n\t\t<\/div>\n\n\t\t\n\n\t\t<div class=\"section-content relative\">\n\t\t\t\n\t<div id=\"text-1843244075\" class=\"text vs-service-info\">\n\t\t\n<h3><strong>D\u1ecaCH V\u1ee4<\/strong> C\u1ee6A CH\u00daNG T\u00d4I<\/h3>\n<p>Ch\u00fang t\u00f4i thi\u1ebft k\u1ebf c\u00e1c gi\u1ea3i ph\u00e1p cho nh\u1eefng t\u00ecnh hu\u1ed1ng th\u1ef1c t\u1ebf \u0111\u1ea7y th\u00e1ch th\u1ee9c v\u1edbi s\u1ee9 m\u1ec7nh c\u1ea3i thi\u1ec7n cu\u1ed9c s\u1ed1ng m\u1ed7i ng\u00e0y, \u0111\u1ed3ng th\u1eddi g\u00f3p ph\u1ea7n t\u1ea1o n\u00ean m\u1ed9t t\u01b0\u01a1ng lai t\u1ed1t \u0111\u1eb9p h\u01a1n. Kh\u00e1m ph\u00e1 nh\u1eefng g\u00ec ch\u00fang t\u00f4i cung c\u1ea5p<\/p>\n\t\t\t<\/div>\n\t\n<div class=\"row\"  id=\"row-929962810\">\n\n\t<div id=\"col-1659144394\" class=\"col medium-6 small-6 large-6\"  >\n\t\t\t\t<div class=\"col-inner\"  >\n\t\t\t\n\t\t\t\n\n  <div class=\"banner has-hover vs-service-box bg-zoom-long\" id=\"banner-1418225218\">\n          <div class=\"banner-inner fill\">\n        <div class=\"banner-bg fill\" >\n            <div class=\"bg fill bg-fill bg-loaded\"><\/div>\n                        <div class=\"overlay\"><\/div>            \n                    <\/div>\n\t\t\n        <div class=\"banner-layers container\">\n            <a class=\"fill\" href=\"\/vi\/giai-phap-nghe-nhin\/\" ><div class=\"fill banner-link\"><\/div><\/a>            \n   <div id=\"text-box-903399648\" class=\"text-box banner-layer x50 md-x50 lg-x50 y95 md-y95 lg-y95 res-text\">\n                                <div class=\"text-box-content text dark\">\n              \n              <div class=\"text-inner text-center\">\n                  \n<h3 class=\"uppercase\"><a href=\"\/vi\/giai-phap-nghe-nhin\/\">Gi\u1ea3i ph\u00e1p Nghe \u2013 Nh\u00ecn<\/a><\/h3>\n              <\/div>\n           <\/div>\n                            \n<style>\n#text-box-903399648 {\n  width: 60%;\n}\n#text-box-903399648 .text-box-content {\n  font-size: 100%;\n}\n<\/style>\n    <\/div>\n \n        <\/div>\n      <\/div>\n\n            \n<style>\n#banner-1418225218 {\n  padding-top: 65%;\n}\n#banner-1418225218 .bg.bg-loaded {\n  background-image: url(https:\/\/www.designhub.vn\/wp-content\/uploads\/2025\/08\/avdd-1.jpg);\n}\n#banner-1418225218 .overlay {\n  background-color: rgba(0, 0, 0, 0.17);\n}\n<\/style>\n  <\/div>\n\n\n\t\t<\/div>\n\t\t\t\t\t<\/div>\n\n\t\n\n\t<div id=\"col-321894412\" class=\"col medium-6 small-6 large-6\"  >\n\t\t\t\t<div class=\"col-inner\"  >\n\t\t\t\n\t\t\t\n\n  <div class=\"banner has-hover vs-service-box bg-zoom-long\" id=\"banner-1331163788\">\n          <div class=\"banner-inner fill\">\n        <div class=\"banner-bg fill\" >\n            <div class=\"bg fill bg-fill bg-loaded\"><\/div>\n                        <div class=\"overlay\"><\/div>            \n                    <\/div>\n\t\t\n        <div class=\"banner-layers container\">\n            <a class=\"fill\" href=\"\/vi\/giai-phap-cong-nghe-thong-tin\/\" ><div class=\"fill banner-link\"><\/div><\/a>            \n   <div id=\"text-box-779524512\" class=\"text-box banner-layer x50 md-x50 lg-x50 y95 md-y95 lg-y95 res-text\">\n                                <div class=\"text-box-content text dark\">\n              \n              <div class=\"text-inner text-center\">\n                  \n<h3 class=\"uppercase\"><a href=\"\/vi\/giai-phap-cong-nghe-thong-tin\/\">Gi\u1ea3i ph\u00e1p C\u00f4ng ngh\u1ec7 \u2013 Th\u00f4ng tin<\/a><\/h3>\n              <\/div>\n           <\/div>\n                            \n<style>\n#text-box-779524512 {\n  width: 60%;\n}\n#text-box-779524512 .text-box-content {\n  font-size: 100%;\n}\n<\/style>\n    <\/div>\n \n        <\/div>\n      <\/div>\n\n            \n<style>\n#banner-1331163788 {\n  padding-top: 65%;\n}\n#banner-1331163788 .bg.bg-loaded {\n  background-image: url(https:\/\/www.designhub.vn\/wp-content\/uploads\/2025\/08\/itdd-1.jpg);\n}\n#banner-1331163788 .overlay {\n  background-color: rgba(0, 0, 0, 0.17);\n}\n<\/style>\n  <\/div>\n\n\n\t\t<\/div>\n\t\t\t\t\t<\/div>\n\n\t\n\n\t<div id=\"col-956316363\" class=\"col medium-6 small-6 large-6\"  >\n\t\t\t\t<div class=\"col-inner\"  >\n\t\t\t\n\t\t\t\n\n  <div class=\"banner has-hover vs-service-box bg-zoom-long\" id=\"banner-2068367100\">\n          <div class=\"banner-inner fill\">\n        <div class=\"banner-bg fill\" >\n            <div class=\"bg fill bg-fill bg-loaded\"><\/div>\n                        <div class=\"overlay\"><\/div>            \n                    <\/div>\n\t\t\n        <div class=\"banner-layers container\">\n            <a class=\"fill\" href=\"\/vi\/giai-phap-he-thong-dien-ap-cuc-thap\/\" ><div class=\"fill banner-link\"><\/div><\/a>            \n   <div id=\"text-box-1896694590\" class=\"text-box banner-layer x50 md-x50 lg-x50 y95 md-y95 lg-y95 res-text\">\n                                <div class=\"text-box-content text dark\">\n              \n              <div class=\"text-inner text-center\">\n                  \n<h3 class=\"uppercase\"><a href=\"\/vi\/giai-phap-he-thong-dien-ap-cuc-thap\/\">Gi\u1ea3i ph\u00e1p h\u1ec7 th\u1ed1ng \u0111i\u1ec7n \u00e1p c\u1ef1c th\u1ea5p<\/h3>\n              <\/div>\n           <\/div>\n                            \n<style>\n#text-box-1896694590 {\n  width: 60%;\n}\n#text-box-1896694590 .text-box-content {\n  font-size: 100%;\n}\n<\/style>\n    <\/div>\n \n        <\/div>\n      <\/div>\n\n            \n<style>\n#banner-2068367100 {\n  padding-top: 65%;\n}\n#banner-2068367100 .bg.bg-loaded {\n  background-image: url(https:\/\/www.designhub.vn\/wp-content\/uploads\/2025\/08\/eldd-1.jpg);\n}\n#banner-2068367100 .overlay {\n  background-color: rgba(0, 0, 0, 0.17);\n}\n<\/style>\n  <\/div>\n\n\n\t\t<\/div>\n\t\t\t\t\t<\/div>\n\n\t\n\n\t<div id=\"col-2084568163\" class=\"col medium-6 small-6 large-6\"  >\n\t\t\t\t<div class=\"col-inner\"  >\n\t\t\t\n\t\t\t\n\n  <div class=\"banner has-hover vs-service-box bg-zoom-long\" id=\"banner-771438139\">\n          <div class=\"banner-inner fill\">\n        <div class=\"banner-bg fill\" >\n            <div class=\"bg fill bg-fill bg-loaded\"><\/div>\n                        <div class=\"overlay\"><\/div>            \n                    <\/div>\n\t\t\n        <div class=\"banner-layers container\">\n            <a class=\"fill\" href=\"vi\/giai-phap-he-thong-an-ninh\/\" ><div class=\"fill banner-link\"><\/div><\/a>            \n   <div id=\"text-box-1311611489\" class=\"text-box banner-layer x50 md-x50 lg-x50 y95 md-y95 lg-y95 res-text\">\n                                <div class=\"text-box-content text dark\">\n              \n              <div class=\"text-inner text-center\">\n                  \n<h3 class=\"uppercase\"><a href=\"\/vi\/giai-phap-he-thong-an-ninh\/\/\">Gi\u1ea3i ph\u00e1p h\u1ec7 th\u1ed1ng an ninh<\/a><\/h3>\n              <\/div>\n           <\/div>\n                            \n<style>\n#text-box-1311611489 {\n  width: 60%;\n}\n#text-box-1311611489 .text-box-content {\n  font-size: 100%;\n}\n<\/style>\n    <\/div>\n \n        <\/div>\n      <\/div>\n\n            \n<style>\n#banner-771438139 {\n  padding-top: 65%;\n}\n#banner-771438139 .bg.bg-loaded {\n  background-image: url(https:\/\/www.designhub.vn\/wp-content\/uploads\/2025\/08\/hethongandd-1.jpg);\n}\n#banner-771438139 .overlay {\n  background-color: rgba(0, 0, 0, 0.17);\n}\n<\/style>\n  <\/div>\n\n\n\t\t<\/div>\n\t\t\t\t\t<\/div>\n\n\t\n<\/div>\n\t\t<\/div>\n\n\t\t\n<style>\n#section_2104011579 {\n  padding-top: 30px;\n  padding-bottom: 30px;\n}\n<\/style>\n\t<\/section>\n\t\n","protected":false},"excerpt":{"rendered":"","protected":false},"author":1,"featured_media":0,"parent":0,"menu_order":0,"comment_status":"closed","ping_status":"closed","template":"","meta":{"footnotes":""},"class_list":["post-11","page","type-page","status-publish","hentry"],"_links":{"self":[{"href":"https:\/\/www.designhub.vn\/vi\/wp-json\/wp\/v2\/pages\/11","targetHints":{"allow":["GET"]}}],"collection":[{"href":"https:\/\/www.designhub.vn\/vi\/wp-json\/wp\/v2\/pages"}],"about":[{"href":"https:\/\/www.designhub.vn\/vi\/wp-json\/wp\/v2\/types\/page"}],"author":[{"embeddable":true,"href":"https:\/\/www.designhub.vn\/vi\/wp-json\/wp\/v2\/users\/1"}],"replies":[{"embeddable":true,"href":"https:\/\/www.designhub.vn\/vi\/wp-json\/wp\/v2\/comments?post=11"}],"version-history":[{"count":10,"href":"https:\/\/www.designhub.vn\/vi\/wp-json\/wp\/v2\/pages\/11\/revisions"}],"predecessor-version":[{"id":1024,"href":"https:\/\/www.designhub.vn\/vi\/wp-json\/wp\/v2\/pages\/11\/revisions\/1024"}],"wp:attachment":[{"href":"https:\/\/www.designhub.vn\/vi\/wp-json\/wp\/v2\/media?parent=11"}],"curies":[{"name":"wp","href":"https:\/\/api.w.org\/{rel}","templated":true}]}}